{"id":182,"date":"2021-02-18T12:05:06","date_gmt":"2021-02-18T12:05:06","guid":{"rendered":"https:\/\/linacoll.com.mialias.net\/?page_id=182"},"modified":"2021-02-18T12:07:45","modified_gmt":"2021-02-18T12:07:45","slug":"agente-de-seguros","status":"publish","type":"page","link":"https:\/\/linacoll.com\/?page_id=182","title":{"rendered":"Agente de seguros"},"content":{"rendered":"\n<ul><li><strong>Presupuestos de varias compa\u00f1\u00edas buscando la mejor opci\u00f3n.<\/strong><\/li><\/ul>\n\n\n\n<p><\/p>\n\n\n\n<ul><li><strong><span class=\"has-inline-color has-vivid-red-color\">Atenci\u00f3n personalizada seg\u00fan la necesidad de cada cliente.<\/span><\/strong><\/li><\/ul>\n\n\n\n<p><\/p>\n\n\n\n<ul><li><strong>Trabajando siempre con la normativa vigente.<\/strong><\/li><\/ul>\n\n\n\n<p><\/p>\n\n\n\n<ul><li><strong><span class=\"has-inline-color has-vivid-red-color\">Total discreci\u00f3n y cumpliendo la normativa de la Ley de Protecci\u00f3n de Datos (LPD).<\/span><\/strong><\/li><\/ul>\n\n\n\n<p><\/p>\n","protected":false},"excerpt":{"rendered":"<p>Presupuestos de varias compa\u00f1\u00edas buscando la mejor opci\u00f3n. Atenci\u00f3n personalizada seg\u00fan la necesidad de cada cliente. Trabajando siempre con la normativa vigente. Total discreci\u00f3n y cumpliendo la normativa de la Ley de Protecci\u00f3n de Datos (LPD).<\/p>\n","protected":false},"author":1,"featured_media":0,"parent":0,"menu_order":0,"comment_status":"closed","ping_status":"closed","template":"page-templates\/page_fullwidth.php","meta":{"footnotes":""},"_links":{"self":[{"href":"https:\/\/linacoll.com\/index.php?rest_route=\/wp\/v2\/pages\/182"}],"collection":[{"href":"https:\/\/linacoll.com\/index.php?rest_route=\/wp\/v2\/pages"}],"about":[{"href":"https:\/\/linacoll.com\/index.php?rest_route=\/wp\/v2\/types\/page"}],"author":[{"embeddable":true,"href":"https:\/\/linacoll.com\/index.php?rest_route=\/wp\/v2\/users\/1"}],"replies":[{"embeddable":true,"href":"https:\/\/linacoll.com\/index.php?rest_route=%2Fwp%2Fv2%2Fcomments&post=182"}],"version-history":[{"count":1,"href":"https:\/\/linacoll.com\/index.php?rest_route=\/wp\/v2\/pages\/182\/revisions"}],"predecessor-version":[{"id":183,"href":"https:\/\/linacoll.com\/index.php?rest_route=\/wp\/v2\/pages\/182\/revisions\/183"}],"wp:attachment":[{"href":"https:\/\/linacoll.com\/index.php?rest_route=%2Fwp%2Fv2%2Fmedia&parent=182"}],"curies":[{"name":"wp","href":"https:\/\/api.w.org\/{rel}","templated":true}]}}