{"id":18,"date":"2021-02-16T11:31:34","date_gmt":"2021-02-16T11:31:34","guid":{"rendered":"https:\/\/linacoll.com.mialias.net\/?page_id=18"},"modified":"2025-05-13T09:14:53","modified_gmt":"2025-05-13T09:14:53","slug":"quienes-somos","status":"publish","type":"page","link":"https:\/\/linacoll.com\/?page_id=18","title":{"rendered":"Quienes somos"},"content":{"rendered":"\n<p>Somos una empresa con m\u00e1s de 15 a\u00f1os de experiencia, ofreciendo un trato personalizado seg\u00fan cada necesidad, presupuestos comunidades, empresas y agente seguros, Ayudas y Subvenciones, Fiscal, laboral, contable, etc.<\/p>\n\n\n<div class=\"wp-block-image\">\n<figure class=\"aligncenter size-large is-resized\"><img decoding=\"async\" loading=\"lazy\" width=\"819\" height=\"1024\" src=\"https:\/\/linacoll.com\/wp-content\/uploads\/2022\/12\/WhatsApp-Image-2022-12-14-at-16.51.12-819x1024.jpeg\" alt=\"\" class=\"wp-image-246\" style=\"width:827px;height:1034px\" srcset=\"https:\/\/linacoll.com\/wp-content\/uploads\/2022\/12\/WhatsApp-Image-2022-12-14-at-16.51.12-819x1024.jpeg 819w, https:\/\/linacoll.com\/wp-content\/uploads\/2022\/12\/WhatsApp-Image-2022-12-14-at-16.51.12-240x300.jpeg 240w, https:\/\/linacoll.com\/wp-content\/uploads\/2022\/12\/WhatsApp-Image-2022-12-14-at-16.51.12-768x960.jpeg 768w, https:\/\/linacoll.com\/wp-content\/uploads\/2022\/12\/WhatsApp-Image-2022-12-14-at-16.51.12-1229x1536.jpeg 1229w, https:\/\/linacoll.com\/wp-content\/uploads\/2022\/12\/WhatsApp-Image-2022-12-14-at-16.51.12-830x1038.jpeg 830w, https:\/\/linacoll.com\/wp-content\/uploads\/2022\/12\/WhatsApp-Image-2022-12-14-at-16.51.12-230x288.jpeg 230w, https:\/\/linacoll.com\/wp-content\/uploads\/2022\/12\/WhatsApp-Image-2022-12-14-at-16.51.12-350x438.jpeg 350w, https:\/\/linacoll.com\/wp-content\/uploads\/2022\/12\/WhatsApp-Image-2022-12-14-at-16.51.12-480x600.jpeg 480w, https:\/\/linacoll.com\/wp-content\/uploads\/2022\/12\/WhatsApp-Image-2022-12-14-at-16.51.12.jpeg 1638w\" sizes=\"(max-width: 819px) 100vw, 819px\" \/><\/figure><\/div>\n\n\n<p><\/p>\n","protected":false},"excerpt":{"rendered":"<p>Somos una empresa con m\u00e1s de 15 a\u00f1os de experiencia, ofreciendo un trato personalizado seg\u00fan cada necesidad, presupuestos comunidades, empresas y agente seguros, Ayudas y Subvenciones, Fiscal, laboral, contable, etc.<\/p>\n","protected":false},"author":1,"featured_media":0,"parent":0,"menu_order":0,"comment_status":"closed","ping_status":"closed","template":"page-templates\/page_fullwidth.php","meta":{"footnotes":""},"_links":{"self":[{"href":"https:\/\/linacoll.com\/index.php?rest_route=\/wp\/v2\/pages\/18"}],"collection":[{"href":"https:\/\/linacoll.com\/index.php?rest_route=\/wp\/v2\/pages"}],"about":[{"href":"https:\/\/linacoll.com\/index.php?rest_route=\/wp\/v2\/types\/page"}],"author":[{"embeddable":true,"href":"https:\/\/linacoll.com\/index.php?rest_route=\/wp\/v2\/users\/1"}],"replies":[{"embeddable":true,"href":"https:\/\/linacoll.com\/index.php?rest_route=%2Fwp%2Fv2%2Fcomments&post=18"}],"version-history":[{"count":16,"href":"https:\/\/linacoll.com\/index.php?rest_route=\/wp\/v2\/pages\/18\/revisions"}],"predecessor-version":[{"id":296,"href":"https:\/\/linacoll.com\/index.php?rest_route=\/wp\/v2\/pages\/18\/revisions\/296"}],"wp:attachment":[{"href":"https:\/\/linacoll.com\/index.php?rest_route=%2Fwp%2Fv2%2Fmedia&parent=18"}],"curies":[{"name":"wp","href":"https:\/\/api.w.org\/{rel}","templated":true}]}}