{"id":172,"date":"2021-02-18T11:59:57","date_gmt":"2021-02-18T11:59:57","guid":{"rendered":"https:\/\/linacoll.com.mialias.net\/?page_id=172"},"modified":"2021-02-18T12:07:22","modified_gmt":"2021-02-18T12:07:22","slug":"laboral","status":"publish","type":"page","link":"https:\/\/linacoll.com\/?page_id=172","title":{"rendered":"Laboral"},"content":{"rendered":"\n<ul><li><strong>Consultas telef\u00f3nicas, email y WhatsApp.<\/strong><\/li><\/ul>\n\n\n\n<p><\/p>\n\n\n\n<ul><li><strong><span class=\"has-inline-color has-vivid-red-color\">Confecci\u00f3n de N\u00f3minas, Pagas, Finiquitos y Atrasos.<\/span><\/strong><\/li><\/ul>\n\n\n\n<p><\/p>\n\n\n\n<ul><li><strong><span class=\"has-inline-color has-black-color\">Altas y bajas en Seguridad Social, en Mutua Patronal, en R\u00e9gimen Especial Aut\u00f3nomos.<\/span><\/strong><\/li><\/ul>\n\n\n\n<p><\/p>\n\n\n\n<ul><li><strong><span class=\"has-inline-color has-vivid-red-color\">Contratos ordinarios, pr\u00f3rrogas, despidos, modificaciones y copias b\u00e1sicas de contratos de trabajo.<\/span><\/strong><\/li><\/ul>\n\n\n\n<p><\/p>\n\n\n\n<ul><li><strong>Cartas fin de contrato, certificados empresa.<\/strong><\/li><\/ul>\n\n\n\n<p><\/p>\n\n\n\n<ul><li><strong><span class=\"has-inline-color has-vivid-red-color\">Bajas AT e IT.<\/span><\/strong><\/li><\/ul>\n\n\n\n<p><\/p>\n\n\n\n<ul><li><strong><span class=\"has-inline-color has-black-color\">Confecci\u00f3n de Seguros Sociales (Modelos TC1, TC2).<\/span><\/strong><\/li><\/ul>\n\n\n\n<p><\/p>\n\n\n\n<ul><li><strong><span class=\"has-inline-color has-vivid-red-color\">Solicitud prestaciones IT.<\/span><\/strong><\/li><\/ul>\n\n\n\n<p><\/p>\n\n\n\n<ul><li><strong><span class=\"has-inline-color has-black-color\">Tramitaciones ERTES.<\/span><\/strong><\/li><\/ul>\n\n\n\n<p><\/p>\n\n\n\n<ul><li><strong><span class=\"has-inline-color has-vivid-red-color\">Calendario Laboral.<\/span><\/strong><\/li><\/ul>\n\n\n\n<p><\/p>\n\n\n\n<ul><li><strong><span class=\"has-inline-color has-black-color\">Todo tipo de tramitaciones ante la Seguridad Social e INEM.<\/span><\/strong><\/li><\/ul>\n\n\n\n<p><\/p>\n\n\n\n<ul><li><strong><span class=\"has-inline-color has-vivid-red-color\">Altas IAE.<\/span><\/strong><\/li><\/ul>\n\n\n\n<p><\/p>\n\n\n\n<ul><li><strong><span class=\"has-inline-color has-black-color\">Trabajando siempre con la normativa vigente.<\/span><\/strong><\/li><\/ul>\n\n\n\n<p><\/p>\n\n\n\n<ul><li><strong><span class=\"has-inline-color has-vivid-red-color\">Total discreci\u00f3n y cumpliendo la normativa de la Ley de Protecci\u00f3n de Datos (LPD).<\/span><\/strong><\/li><\/ul>\n","protected":false},"excerpt":{"rendered":"<p>Consultas telef\u00f3nicas, email y WhatsApp. Confecci\u00f3n de N\u00f3minas, Pagas, Finiquitos y Atrasos. Altas y bajas en Seguridad Social, en Mutua Patronal, en R\u00e9gimen Especial Aut\u00f3nomos. Contratos ordinarios, pr\u00f3rrogas, despidos, modificaciones y copias b\u00e1sicas de contratos de trabajo. Cartas fin de contrato, certificados empresa. Bajas AT e IT. Confecci\u00f3n de Seguros Sociales (Modelos TC1, TC2). Solicitud [&hellip;]<\/p>\n","protected":false},"author":1,"featured_media":0,"parent":0,"menu_order":0,"comment_status":"closed","ping_status":"closed","template":"page-templates\/page_fullwidth.php","meta":{"footnotes":""},"_links":{"self":[{"href":"https:\/\/linacoll.com\/index.php?rest_route=\/wp\/v2\/pages\/172"}],"collection":[{"href":"https:\/\/linacoll.com\/index.php?rest_route=\/wp\/v2\/pages"}],"about":[{"href":"https:\/\/linacoll.com\/index.php?rest_route=\/wp\/v2\/types\/page"}],"author":[{"embeddable":true,"href":"https:\/\/linacoll.com\/index.php?rest_route=\/wp\/v2\/users\/1"}],"replies":[{"embeddable":true,"href":"https:\/\/linacoll.com\/index.php?rest_route=%2Fwp%2Fv2%2Fcomments&post=172"}],"version-history":[{"count":4,"href":"https:\/\/linacoll.com\/index.php?rest_route=\/wp\/v2\/pages\/172\/revisions"}],"predecessor-version":[{"id":178,"href":"https:\/\/linacoll.com\/index.php?rest_route=\/wp\/v2\/pages\/172\/revisions\/178"}],"wp:attachment":[{"href":"https:\/\/linacoll.com\/index.php?rest_route=%2Fwp%2Fv2%2Fmedia&parent=172"}],"curies":[{"name":"wp","href":"https:\/\/api.w.org\/{rel}","templated":true}]}}