{"id":168,"date":"2021-02-18T11:55:22","date_gmt":"2021-02-18T11:55:22","guid":{"rendered":"https:\/\/linacoll.com.mialias.net\/?page_id=168"},"modified":"2021-02-18T12:07:08","modified_gmt":"2021-02-18T12:07:08","slug":"asesoria-fiscal","status":"publish","type":"page","link":"https:\/\/linacoll.com\/?page_id=168","title":{"rendered":"Asesor\u00eda fiscal"},"content":{"rendered":"\n<ul><li><strong>Fiscal<\/strong><\/li><\/ul>\n\n\n\n<p><\/p>\n\n\n\n<ul><li><strong><span class=\"has-inline-color has-vivid-red-color\">Consultas telef\u00f3nicas, email y &nbsp;WhatsApp<\/span><\/strong><\/li><\/ul>\n\n\n\n<p><\/p>\n\n\n\n<ul><li><strong>Presentaci\u00f3n todos los tr\u00e1mites obligatorios en Hacienda de Navarra y\/o estatal<\/strong><\/li><\/ul>\n\n\n\n<p><\/p>\n\n\n\n<ul><li><strong><span class=\"has-inline-color has-vivid-red-color\">Presentaci\u00f3n impuestos y Declaraciones de Renta<\/span><\/strong><\/li><\/ul>\n\n\n\n<p><\/p>\n\n\n\n<ul><li><strong>Trabajando siempre con la normativa vigente.<\/strong><\/li><\/ul>\n\n\n\n<p><\/p>\n\n\n\n<ul><li><strong><span class=\"has-inline-color has-vivid-red-color\">Total discreci\u00f3n y cumpliendo la normativa de la Ley de Protecci\u00f3n de Datos (LPD).<\/span><\/strong><\/li><\/ul>\n","protected":false},"excerpt":{"rendered":"<p>Fiscal Consultas telef\u00f3nicas, email y &nbsp;WhatsApp Presentaci\u00f3n todos los tr\u00e1mites obligatorios en Hacienda de Navarra y\/o estatal Presentaci\u00f3n impuestos y Declaraciones de Renta Trabajando siempre con la normativa vigente. Total discreci\u00f3n y cumpliendo la normativa de la Ley de Protecci\u00f3n de Datos (LPD).<\/p>\n","protected":false},"author":1,"featured_media":0,"parent":0,"menu_order":0,"comment_status":"closed","ping_status":"closed","template":"page-templates\/page_fullwidth.php","meta":{"footnotes":""},"_links":{"self":[{"href":"https:\/\/linacoll.com\/index.php?rest_route=\/wp\/v2\/pages\/168"}],"collection":[{"href":"https:\/\/linacoll.com\/index.php?rest_route=\/wp\/v2\/pages"}],"about":[{"href":"https:\/\/linacoll.com\/index.php?rest_route=\/wp\/v2\/types\/page"}],"author":[{"embeddable":true,"href":"https:\/\/linacoll.com\/index.php?rest_route=\/wp\/v2\/users\/1"}],"replies":[{"embeddable":true,"href":"https:\/\/linacoll.com\/index.php?rest_route=%2Fwp%2Fv2%2Fcomments&post=168"}],"version-history":[{"count":2,"href":"https:\/\/linacoll.com\/index.php?rest_route=\/wp\/v2\/pages\/168\/revisions"}],"predecessor-version":[{"id":185,"href":"https:\/\/linacoll.com\/index.php?rest_route=\/wp\/v2\/pages\/168\/revisions\/185"}],"wp:attachment":[{"href":"https:\/\/linacoll.com\/index.php?rest_route=%2Fwp%2Fv2%2Fmedia&parent=168"}],"curies":[{"name":"wp","href":"https:\/\/api.w.org\/{rel}","templated":true}]}}